{"id":9,"date":"2025-08-02T19:12:17","date_gmt":"2025-08-02T18:12:17","guid":{"rendered":"http:\/\/coaching-lehia.com\/?page_id=9"},"modified":"2025-09-01T11:00:20","modified_gmt":"2025-09-01T10:00:20","slug":"9-2","status":"publish","type":"page","link":"https:\/\/coaching-lehia.com\/","title":{"rendered":"Accueil"},"content":{"rendered":"\n<div class=\"wp-block-uagb-container uagb-block-hi7ab6uh alignfull uagb-is-root-container\"><div class=\"uagb-container__shape uagb-container__shape-bottom uagb-container__invert\" data-negative=\"false\"><svg xmlns=\"https:\/\/www.w3.org\/2000\/svg\" viewBox=\"0 0 1000 100\" preserveAspectRatio=\"none\"><path class=\"uagb-container__shape-fill\" d=\"M0,6V0h1000v100L0,6z\"><\/path><\/svg><\/div>\n<div class=\"wp-block-uagb-image alignright uagb-block-860715ec wp-block-uagb-image--layout-default wp-block-uagb-image--effect-static wp-block-uagb-image--align-right\"><figure class=\"wp-block-uagb-image__figure\"><a class=\"\" href=\"https:\/\/www.instagram.com\/lehia_fit\/\" target=\"\" rel=\"noopener\"><img decoding=\"async\" srcset=\"https:\/\/coaching-lehia.com\/wp-content\/uploads\/2025\/08\/Sans-titre-1-1024x576.png ,https:\/\/coaching-lehia.com\/wp-content\/uploads\/2025\/08\/Sans-titre-1.png 780w, https:\/\/coaching-lehia.com\/wp-content\/uploads\/2025\/08\/Sans-titre-1.png 360w\" sizes=\"auto, (max-width: 480px) 150px\" src=\"https:\/\/coaching-lehia.com\/wp-content\/uploads\/2025\/08\/Sans-titre-1-1024x576.png\" alt=\"\" class=\"uag-image-69\" width=\"159\" height=\"88\" title=\"L\u00e9hia\" loading=\"lazy\" role=\"img\"\/><\/a><\/figure><\/div>\n\n\n\n<div class=\"wp-block-uagb-image uagb-block-5dafdd91 wp-block-uagb-image--layout-default wp-block-uagb-image--effect-static wp-block-uagb-image--align-none\"><figure class=\"wp-block-uagb-image__figure\"><img loading=\"lazy\" decoding=\"async\" srcset=\"https:\/\/coaching-lehia.com\/wp-content\/uploads\/2025\/08\/black-fond-trans-2-e1754299015742.png ,https:\/\/coaching-lehia.com\/wp-content\/uploads\/2025\/08\/black-fond-trans-2-e1754298813215.png 780w, https:\/\/coaching-lehia.com\/wp-content\/uploads\/2025\/08\/black-fond-trans-2-e1754298813215.png 360w\" sizes=\"auto, (max-width: 480px) 150px\" src=\"https:\/\/coaching-lehia.com\/wp-content\/uploads\/2025\/08\/black-fond-trans-2-e1754299015742.png\" alt=\"L\u00e9hia Coaching\" class=\"uag-image-29\" width=\"205\" height=\"196\" title=\"L\u00e9hia Coaching\" role=\"img\"\/><\/figure><\/div>\n\n\n\n<div class=\"wp-block-uagb-advanced-heading uagb-block-ac8b6c07\"><div class=\"uagb-separator\"><\/div><h1 class=\"uagb-heading-text\">Transformez votre corps, renforcez votre esprit !<\/h1><\/div>\n\n\n\n<div class=\"wp-block-uagb-buttons uagb-buttons__outer-wrap uagb-btn__default-btn uagb-btn-tablet__default-btn uagb-btn-mobile__default-btn uagb-block-e2bf8820\"><div class=\"uagb-buttons__wrap uagb-buttons-layout-wrap \">\n<div class=\"wp-block-uagb-buttons-child uagb-buttons__outer-wrap uagb-block-a0bbd724 wp-block-button\"><div class=\"uagb-button__wrapper\"><a class=\"uagb-buttons-repeater wp-block-button__link\" aria-label=\"\" href=\"#rdv\" rel=\"follow noopener\" target=\"_self\" role=\"button\"><div class=\"uagb-button__link\">Et \u00e7a commence ICI<\/div><\/a><\/div><\/div>\n<\/div><\/div>\n<\/div>\n\n\n\n<div class=\"wp-block-uagb-container uagb-block-hmkdo18k alignfull uagb-is-root-container\"><div class=\"uagb-container-inner-blocks-wrap\">\n<div class=\"wp-block-uagb-container uagb-block-k3oe6n9c\">\n<div class=\"wp-block-uagb-info-box uagb-block-llv02qnk uagb-infobox__content-wrap  uagb-infobox-icon-above-title uagb-infobox-image-valign-top\"><div class=\"uagb-ifb-content\"><div class=\"uagb-ifb-title-wrap\"><p class=\"uagb-ifb-title-prefix\">Qui suis-je ?<\/p><h2 class=\"uagb-ifb-title\"><strong>Coach Diplom\u00e9 d&rsquo;\u00e9tat<\/strong><\/h2><\/div><p class=\"uagb-ifb-desc\">Titulaire du BPJEPS Activit\u00e9s de la Forme \u2013 option Halt\u00e9rophilie\/Musculation, je mets mon expertise au service de toutes celles et ceux qui souhaitent transformer leur corps et leur esprit.<br>Mon approche est centr\u00e9e sur l\u2019accompagnement personnalis\u00e9 :<br>\u2022 Suivis en ligne adapt\u00e9s \u00e0 vos objectifs (perte de poids, prise de masse, remise en forme, sport bien-\u00eatre\u2026).<br>\u2022 Coaching individuel sur-mesure, directement \u00e0 domicile, pour progresser efficacement et en toute confiance.<br>Ma mission : vous guider pas \u00e0 pas, avec bienveillance et professionnalisme, afin de vous aider \u00e0 atteindre vos objectifs durables et \u00e0 retrouver \u00e9quilibre, \u00e9nergie et confiance en vous.<\/p><\/div><\/div>\n\n\n\n<div class=\"wp-block-uagb-buttons uagb-buttons__outer-wrap uagb-btn__default-btn uagb-btn-tablet__default-btn uagb-btn-mobile__default-btn uagb-block-cnbwcpjx\"><div class=\"uagb-buttons__wrap uagb-buttons-layout-wrap \">\n<div class=\"wp-block-uagb-buttons-child uagb-buttons__outer-wrap uagb-block-tha0geaz wp-block-button\"><div class=\"uagb-button__wrapper\"><a class=\"uagb-buttons-repeater ast-outline-button\" aria-label=\"\" style=\"border-width:revert-layer\" href=\"#rdv\" rel=\"follow noopener\" target=\"_self\" role=\"button\"><div class=\"uagb-button__link\">Et \u00e7a commence ICI<\/div><\/a><\/div><\/div>\n<\/div><\/div>\n<\/div>\n\n\n\n<div class=\"wp-block-uagb-container uagb-block-o2tljlan\">\n<div class=\"wp-block-uagb-image alignleft uagb-block-q8ikrqgu wp-block-uagb-image--layout-default wp-block-uagb-image--effect-static wp-block-uagb-image--align-left\"><figure class=\"wp-block-uagb-image__figure\"><img decoding=\"async\" srcset=\"https:\/\/coaching-lehia.com\/wp-content\/uploads\/2025\/08\/IMG_1072-692x1024.jpg ,https:\/\/coaching-lehia.com\/wp-content\/uploads\/2025\/08\/IMG_1072.jpg 780w, https:\/\/coaching-lehia.com\/wp-content\/uploads\/2025\/08\/IMG_1072.jpg 360w\" sizes=\"auto, (max-width: 480px) 150px\" src=\"https:\/\/coaching-lehia.com\/wp-content\/uploads\/2025\/08\/IMG_1072-692x1024.jpg\" alt=\"\" class=\"uag-image-47\" width=\"270\" height=\"360\" title=\"Screenshot\" loading=\"lazy\" role=\"img\"\/><\/figure><\/div>\n\n\n\n<div class=\"wp-block-uagb-image alignleft uagb-block-fov4x6ns wp-block-uagb-image--layout-default wp-block-uagb-image--effect-static wp-block-uagb-image--align-left\"><figure class=\"wp-block-uagb-image__figure\"><img decoding=\"async\" srcset=\"https:\/\/coaching-lehia.com\/wp-content\/uploads\/2025\/08\/IMG_1067-751x1024.jpg ,https:\/\/coaching-lehia.com\/wp-content\/uploads\/2025\/08\/IMG_1067.jpg 780w, https:\/\/coaching-lehia.com\/wp-content\/uploads\/2025\/08\/IMG_1067.jpg 360w\" sizes=\"auto, (max-width: 480px) 150px\" src=\"https:\/\/coaching-lehia.com\/wp-content\/uploads\/2025\/08\/IMG_1067-751x1024.jpg\" alt=\"\" class=\"uag-image-50\" width=\"270\" height=\"360\" title=\"Screenshot\" loading=\"lazy\" role=\"img\"\/><\/figure><\/div>\n<\/div>\n<\/div><\/div>\n\n\n\n<div id=\"rdv\" class=\"wp-block-uagb-container uagb-block-48d5da3f alignfull uagb-is-root-container\"><div class=\"uagb-container-inner-blocks-wrap\">\n<div class=\"wp-block-uagb-advanced-heading uagb-block-c2cf94ae\"><h2 class=\"uagb-heading-text\">R\u00e9serve tout de suite ton bilan gratuit et personnalis\u00e9<\/h2><\/div>\n\n\n\n<!-- D\u00e9but de widget en ligne Calendly -->\n<div class=\"calendly-inline-widget\" data-url=\"https:\/\/calendly.com\/contact-coaching-lehia\/30min\" style=\"min-width:320px;height:700px;\"><\/div>\n<script type=\"text\/javascript\" src=\"https:\/\/assets.calendly.com\/assets\/external\/widget.js\" async><\/script>\n<!-- Fin de widget en ligne Calendly -->\n<\/div><\/div>\n\n\n\n<div class=\"wp-block-uagb-container uagb-block-qimherqw alignfull uagb-is-root-container\"><div class=\"uagb-container__shape uagb-container__shape-top\"><svg xmlns=\"https:\/\/www.w3.org\/2000\/svg\" viewBox=\"0 0 1000 100\" preserveAspectRatio=\"none\"><path class=\"uagb-container__shape-fill\" d=\"M0,6V0h1000v100L0,6z\"><\/path><\/svg><\/div><div class=\"uagb-container-inner-blocks-wrap\">\n<div class=\"wp-block-uagb-container uagb-block-ykbpb1kv\">\n<div class=\"wp-block-uagb-info-box uagb-block-fbxdrwmo uagb-infobox__content-wrap  uagb-infobox-icon-above-title uagb-infobox-image-valign-top\"><div class=\"uagb-ifb-content\"><div class=\"uagb-ifb-title-wrap\"><h3 class=\"uagb-ifb-title\">Envoi moi un message :<\/h3><\/div><\/div><\/div>\n\n\n\n<div class=\"wp-block-uagb-container uagb-block-hsk5trsw\">\n<div class=\"wp-block-uagb-forms uagb-forms__outer-wrap uagb-block-jtne2gvo uagb-forms__default-btn\"><form class=\"uagb-forms-main-form\" method=\"post\" autocomplete=\"on\" name=\"uagb-form-jtne2gvo\">\n<div class=\"wp-block-uagb-forms-name uagb-forms-name-wrap uagb-forms-field-set uagb-block-aouwtlb7 uag-col-2\"><div class=\"uagb-forms-name-label required uagb-forms-input-label\" id=\"aouwtlb7\">NOM<\/div><input type=\"text\" placeholder=\"\" required class=\"uagb-forms-name-input uagb-forms-input\" name=\"aouwtlb7\" autocomplete=\"given-name\"\/><\/div>\n\n\n\n<div class=\"wp-block-uagb-forms-name uagb-forms-name-wrap uagb-forms-field-set uagb-block-tfb8nvaf uag-col-2\"><div class=\"uagb-forms-name-label required uagb-forms-input-label\" id=\"tfb8nvaf\">PRENOM<\/div><input type=\"text\" placeholder=\"\" required class=\"uagb-forms-name-input uagb-forms-input\" name=\"tfb8nvaf\" autocomplete=\"family-name\"\/><\/div>\n\n\n\n<div class=\"wp-block-uagb-forms-email uagb-forms-email-wrap uagb-forms-field-set uagb-block-xhyvvc9j\"><div class=\"uagb-forms-email-label required uagb-forms-input-label\" id=\"xhyvvc9j\">Email<\/div><input type=\"email\" class=\"uagb-forms-email-input uagb-forms-input\" placeholder=\"\" required name=\"xhyvvc9j\" autocomplete=\"email\"\/><\/div>\n\n\n\n<div class=\"wp-block-uagb-forms-textarea uagb-forms-textarea-wrap uagb-forms-field-set uagb-block-kva3ntwf\"><div class=\"uagb-forms-textarea-label required uagb-forms-input-label\" id=\"kva3ntwf\">Message<\/div><textarea required class=\"uagb-forms-textarea-input uagb-forms-input\" rows=\"6\" placeholder=\"\" name=\"kva3ntwf\" autocomplete=\"off\"><\/textarea><\/div>\n<div class=\"uagb-forms-form-hidden-data\"><input type=\"hidden\" class=\"uagb_forms_form_label\" value=\"Spectra Form\"\/><input type=\"hidden\" class=\"uagb_forms_form_id\" value=\"uagb-form-jtne2gvo\"\/><\/div><div class=\"uagb-form-reacaptcha-error-jtne2gvo\"><\/div><div class=\"uagb-forms-main-submit-button-wrap wp-block-button\"><button class=\"uagb-forms-main-submit-button wp-block-button__link\"><div class=\"uagb-forms-main-submit-button-text\">Envoyer<\/div><\/button><\/div><\/form><div class=\"uagb-forms-success-message-jtne2gvo uagb-forms-submit-message-hide\"><span>The form has been submitted successfully!<\/span><\/div><div class=\"uagb-forms-failed-message-jtne2gvo uagb-forms-submit-message-hide\"><span>There has been some error while submitting the form. Please verify all form fields again.<\/span><\/div><\/div>\n<\/div>\n<\/div>\n\n\n\n<div class=\"wp-block-uagb-container uagb-block-qukgehcw\">\n<div class=\"wp-block-uagb-info-box uagb-block-kbxyupxv uagb-infobox__content-wrap  uagb-infobox-icon-above-title uagb-infobox-image-valign-top\"><div class=\"uagb-ifb-content\"><div class=\"uagb-ifb-title-wrap\"><h3 class=\"uagb-ifb-title\">Contact-moi :<\/h3><\/div><\/div><\/div>\n\n\n\n<div class=\"wp-block-uagb-info-box uagb-block-sodn8nju uagb-infobox__content-wrap  uagb-infobox-icon-left uagb-infobox-left uagb-infobox-image-valign-top\"><div class=\"uagb-ifb-icon-wrap\"><div class=\"uagb-iconbox-icon-wrap uagb-infobox-shape-circle\"><svg xmlns=\"https:\/\/www.w3.org\/2000\/svg\" viewBox=\"0 0 512 512\"><path d=\"M464 64C490.5 64 512 85.49 512 112C512 127.1 504.9 141.3 492.8 150.4L275.2 313.6C263.8 322.1 248.2 322.1 236.8 313.6L19.2 150.4C7.113 141.3 0 127.1 0 112C0 85.49 21.49 64 48 64H464zM217.6 339.2C240.4 356.3 271.6 356.3 294.4 339.2L512 176V384C512 419.3 483.3 448 448 448H64C28.65 448 0 419.3 0 384V176L217.6 339.2z\"><\/path><\/svg><\/div><\/div><div class=\"uagb-ifb-content\"><div class=\"uagb-ifb-title-wrap\"><h4 class=\"uagb-ifb-title\">Email<\/h4><\/div><p class=\"uagb-ifb-desc\"><a href=\"mailto:contact@coaching-lehia.com\">contact@coaching-lehia.com<\/a><\/p><\/div><\/div>\n\n\n\n<div class=\"wp-block-uagb-info-box uagb-block-ywjceylc uagb-infobox__content-wrap  uagb-infobox-icon-left uagb-infobox-left uagb-infobox-image-valign-top\"><div class=\"uagb-ifb-icon-wrap\"><div class=\"uagb-iconbox-icon-wrap uagb-infobox-shape-circle\"><svg xmlns=\"https:\/\/www.w3.org\/2000\/svg\" viewBox=\"0 0 512 512\"><path d=\"M511.2 387l-23.25 100.8c-3.266 14.25-15.79 24.22-30.46 24.22C205.2 512 0 306.8 0 54.5c0-14.66 9.969-27.2 24.22-30.45l100.8-23.25C139.7-2.602 154.7 5.018 160.8 18.92l46.52 108.5c5.438 12.78 1.77 27.67-8.98 36.45L144.5 207.1c33.98 69.22 90.26 125.5 159.5 159.5l44.08-53.8c8.688-10.78 23.69-14.51 36.47-8.975l108.5 46.51C506.1 357.2 514.6 372.4 511.2 387z\"><\/path><\/svg><\/div><\/div><div class=\"uagb-ifb-content\"><div class=\"uagb-ifb-title-wrap\"><h4 class=\"uagb-ifb-title\">T\u00e9l\u00e9phone<\/h4><\/div><p class=\"uagb-ifb-desc\"><a href=\"tel:262692753519\">+262692753519<\/a><\/p><\/div><\/div>\n\n\n\n<div class=\"wp-block-uagb-info-box uagb-block-gqnkoiuh uagb-infobox__content-wrap  uagb-infobox-icon-left uagb-infobox-left uagb-infobox-image-valign-top\"><div class=\"uagb-ifb-icon-wrap\"><div class=\"uagb-iconbox-icon-wrap uagb-infobox-shape-circle\"><svg xmlns=\"https:\/\/www.w3.org\/2000\/svg\" viewBox=\"0 0 384 512\"><path d=\"M168.3 499.2C116.1 435 0 279.4 0 192C0 85.96 85.96 0 192 0C298 0 384 85.96 384 192C384 279.4 267 435 215.7 499.2C203.4 514.5 180.6 514.5 168.3 499.2H168.3zM192 256C227.3 256 256 227.3 256 192C256 156.7 227.3 128 192 128C156.7 128 128 156.7 128 192C128 227.3 156.7 256 192 256z\"><\/path><\/svg><\/div><\/div><div class=\"uagb-ifb-content\"><div class=\"uagb-ifb-title-wrap\"><h4 class=\"uagb-ifb-title\">Adresse<\/h4><\/div><p class=\"uagb-ifb-desc\">Dijon<\/p><\/div><\/div>\n\n\n\n<div class=\"wp-block-uagb-info-box uagb-block-139b9022 uagb-infobox__content-wrap  uagb-infobox-icon-left uagb-infobox-left uagb-infobox-image-valign-top\"><div class=\"uagb-ifb-icon-wrap\"><div class=\"uagb-iconbox-icon-wrap uagb-infobox-shape-circle\"><svg xmlns=\"https:\/\/www.w3.org\/2000\/svg\" viewBox=\"0 0 640 512\"><path d=\"M104 96h-48C42.75 96 32 106.8 32 120V224C14.33 224 0 238.3 0 256c0 17.67 14.33 32 31.1 32L32 392C32 405.3 42.75 416 56 416h48C117.3 416 128 405.3 128 392v-272C128 106.8 117.3 96 104 96zM456 32h-48C394.8 32 384 42.75 384 56V224H256V56C256 42.75 245.3 32 232 32h-48C170.8 32 160 42.75 160 56v400C160 469.3 170.8 480 184 480h48C245.3 480 256 469.3 256 456V288h128v168c0 13.25 10.75 24 24 24h48c13.25 0 24-10.75 24-24V56C480 42.75 469.3 32 456 32zM608 224V120C608 106.8 597.3 96 584 96h-48C522.8 96 512 106.8 512 120v272c0 13.25 10.75 24 24 24h48c13.25 0 24-10.75 24-24V288c17.67 0 32-14.33 32-32C640 238.3 625.7 224 608 224z\"><\/path><\/svg><\/div><\/div><div class=\"uagb-ifb-content\"><div class=\"uagb-ifb-title-wrap\"><h4 class=\"uagb-ifb-title\">Un suivi personnalis\u00e9 en ligne ?<\/h4><\/div><p class=\"uagb-ifb-desc\"><a href=\"https:\/\/train.westrive.com\/train\/lehia-coaching\">Clique ICI<\/a><\/p><\/div><\/div>\n\n\n\n<div class=\"wp-block-uagb-container uagb-block-qbmvnmfs\">\n<div class=\"wp-block-uagb-info-box uagb-block-awnqavwa uagb-infobox__content-wrap  uagb-infobox-icon-above-title uagb-infobox-image-valign-top\"><div class=\"uagb-ifb-content\"><div class=\"uagb-ifb-title-wrap\"><p class=\"uagb-ifb-title\">Suis-moi<\/p><\/div><\/div><\/div>\n\n\n\n<div class=\"wp-block-uagb-icon-list uagb-block-fa6ad752\"><div class=\"uagb-icon-list__wrap\">\n<div class=\"wp-block-uagb-icon-list-child uagb-block-e64c14b9\"><a target=\"_self\" aria-label=\"List item\" rel=\"noopener noreferrer\" href=\"https:\/\/www.instagram.com\/lehia_fit\/\"> <\/a><span class=\"uagb-icon-list__source-wrap\"><svg xmlns=\"https:\/\/www.w3.org\/2000\/svg\" viewBox=\"0 0 448 512\"><path d=\"M224.1 141c-63.6 0-114.9 51.3-114.9 114.9s51.3 114.9 114.9 114.9S339 319.5 339 255.9 287.7 141 224.1 141zm0 189.6c-41.1 0-74.7-33.5-74.7-74.7s33.5-74.7 74.7-74.7 74.7 33.5 74.7 74.7-33.6 74.7-74.7 74.7zm146.4-194.3c0 14.9-12 26.8-26.8 26.8-14.9 0-26.8-12-26.8-26.8s12-26.8 26.8-26.8 26.8 12 26.8 26.8zm76.1 27.2c-1.7-35.9-9.9-67.7-36.2-93.9-26.2-26.2-58-34.4-93.9-36.2-37-2.1-147.9-2.1-184.9 0-35.8 1.7-67.6 9.9-93.9 36.1s-34.4 58-36.2 93.9c-2.1 37-2.1 147.9 0 184.9 1.7 35.9 9.9 67.7 36.2 93.9s58 34.4 93.9 36.2c37 2.1 147.9 2.1 184.9 0 35.9-1.7 67.7-9.9 93.9-36.2 26.2-26.2 34.4-58 36.2-93.9 2.1-37 2.1-147.8 0-184.8zM398.8 388c-7.8 19.6-22.9 34.7-42.6 42.6-29.5 11.7-99.5 9-132.1 9s-102.7 2.6-132.1-9c-19.6-7.8-34.7-22.9-42.6-42.6-11.7-29.5-9-99.5-9-132.1s-2.6-102.7 9-132.1c7.8-19.6 22.9-34.7 42.6-42.6 29.5-11.7 99.5-9 132.1-9s102.7-2.6 132.1 9c19.6 7.8 34.7 22.9 42.6 42.6 11.7 29.5 9 99.5 9 132.1s2.7 102.7-9 132.1z\"><\/path><\/svg><\/span><\/div>\n<\/div><\/div>\n<\/div>\n<\/div>\n<\/div><\/div>\n\n\n\n<p><\/p>\n","protected":false},"excerpt":{"rendered":"<p>Transformez votre corps, renforcez votre esprit ! R\u00e9serve tout de suite ton bilan gratuit et personnalis\u00e9<\/p>\n","protected":false},"author":1,"featured_media":0,"parent":0,"menu_order":0,"comment_status":"closed","ping_status":"closed","template":"","meta":{"_seopress_robots_primary_cat":"","_seopress_titles_title":"","_seopress_titles_desc":"","_seopress_robots_index":"","_uag_custom_page_level_css":"","site-sidebar-layout":"default","site-content-layout":"","ast-site-content-layout":"default","site-content-style":"default","site-sidebar-style":"default","ast-global-header-display":"","ast-banner-title-visibility":"","ast-main-header-display":"","ast-hfb-above-header-display":"","ast-hfb-below-header-display":"","ast-hfb-mobile-header-display":"","site-post-title":"disabled","ast-breadcrumbs-content":"","ast-featured-img":"","footer-sml-layout":"","ast-disable-related-posts":"","theme-transparent-header-meta":"","adv-header-id-meta":"","stick-header-meta":"","header-above-stick-meta":"","header-main-stick-meta":"","header-below-stick-meta":"","astra-migrate-meta-layouts":"default","ast-page-background-enabled":"default","ast-page-background-meta":{"desktop":{"background-color":"var(--ast-global-color-5)","background-image":"","background-repeat":"repeat","background-position":"center center","background-size":"auto","background-attachment":"scroll","background-type":"","background-media":"","overlay-type":"","overlay-color":"","overlay-opacity":"","overlay-gradient":""},"tablet":{"background-color":"","background-image":"","background-repeat":"repeat","background-position":"center center","background-size":"auto","background-attachment":"scroll","background-type":"","background-media":"","overlay-type":"","overlay-color":"","overlay-opacity":"","overlay-gradient":""},"mobile":{"background-color":"","background-image":"","background-repeat":"repeat","background-position":"center center","background-size":"auto","background-attachment":"scroll","background-type":"","background-media":"","overlay-type":"","overlay-color":"","overlay-opacity":"","overlay-gradient":""}},"ast-content-background-meta":{"desktop":{"background-color":"var(--ast-global-color-4)","background-image":"","background-repeat":"repeat","background-position":"center center","background-size":"auto","background-attachment":"scroll","background-type":"","background-media":"","overlay-type":"","overlay-color":"","overlay-opacity":"","overlay-gradient":""},"tablet":{"background-color":"var(--ast-global-color-4)","background-image":"","background-repeat":"repeat","background-position":"center center","background-size":"auto","background-attachment":"scroll","background-type":"","background-media":"","overlay-type":"","overlay-color":"","overlay-opacity":"","overlay-gradient":""},"mobile":{"background-color":"var(--ast-global-color-4)","background-image":"","background-repeat":"repeat","background-position":"center center","background-size":"auto","background-attachment":"scroll","background-type":"","background-media":"","overlay-type":"","overlay-color":"","overlay-opacity":"","overlay-gradient":""}},"footnotes":""},"class_list":["post-9","page","type-page","status-publish","hentry"],"uagb_featured_image_src":{"full":false,"thumbnail":false,"medium":false,"medium_large":false,"large":false,"1536x1536":false,"2048x2048":false},"uagb_author_info":{"display_name":"admin7651","author_link":"https:\/\/coaching-lehia.com\/index.php\/author\/admin7651\/"},"uagb_comment_info":0,"uagb_excerpt":"Transformez votre corps, renforcez votre esprit ! R\u00e9serve tout de suite ton bilan gratuit et personnalis\u00e9","_links":{"self":[{"href":"https:\/\/coaching-lehia.com\/index.php\/wp-json\/wp\/v2\/pages\/9","targetHints":{"allow":["GET"]}}],"collection":[{"href":"https:\/\/coaching-lehia.com\/index.php\/wp-json\/wp\/v2\/pages"}],"about":[{"href":"https:\/\/coaching-lehia.com\/index.php\/wp-json\/wp\/v2\/types\/page"}],"author":[{"embeddable":true,"href":"https:\/\/coaching-lehia.com\/index.php\/wp-json\/wp\/v2\/users\/1"}],"replies":[{"embeddable":true,"href":"https:\/\/coaching-lehia.com\/index.php\/wp-json\/wp\/v2\/comments?post=9"}],"version-history":[{"count":52,"href":"https:\/\/coaching-lehia.com\/index.php\/wp-json\/wp\/v2\/pages\/9\/revisions"}],"predecessor-version":[{"id":90,"href":"https:\/\/coaching-lehia.com\/index.php\/wp-json\/wp\/v2\/pages\/9\/revisions\/90"}],"wp:attachment":[{"href":"https:\/\/coaching-lehia.com\/index.php\/wp-json\/wp\/v2\/media?parent=9"}],"curies":[{"name":"wp","href":"https:\/\/api.w.org\/{rel}","templated":true}]}}